{"id":4263,"date":"2020-04-30T11:23:11","date_gmt":"2020-04-30T09:23:11","guid":{"rendered":"https:\/\/www.speckladele.com\/produkt\/speck-trancio-cuore-duro\/"},"modified":"2023-04-01T01:00:10","modified_gmt":"2023-03-31T23:00:10","slug":"speck-trancio-cuore-duro","status":"publish","type":"product","link":"https:\/\/www.speckladele.com\/it\/produkt\/speck-trancio-cuore-duro\/","title":{"rendered":"Speck trancio cuore duro"},"content":{"rendered":"<p><strong>Ingredienti<\/strong>: Carne di maiale, sale, spezie naturali, destrosio, saccarosio, conservante: E250-E252.<\/p>\n<table width=\"100%\">\n<tbody>\n<tr>\n<td><strong>Valori nutrizionali medi<\/strong><\/td>\n<td><strong>per 100 g<\/strong><\/td>\n<\/tr>\n<tr>\n<td>Energia<\/td>\n<td>1.111 kj \/ 266 kcal<\/td>\n<\/tr>\n<tr>\n<td>Grassi<\/td>\n<td>16 g<\/td>\n<\/tr>\n<tr>\n<td>di cui acidi grassi saturi<\/td>\n<td>6,2 g<\/td>\n<\/tr>\n<tr>\n<td>Carboidrati<\/td>\n<td>0,5 g<\/td>\n<\/tr>\n<tr>\n<td>di cui zuccheri<\/td>\n<td>0,5 g<\/td>\n<\/tr>\n<tr>\n<td>Proteine<\/td>\n<td>30 g<\/td>\n<\/tr>\n<tr>\n<td>Sale<\/td>\n<td>4 g<\/td>\n<\/tr>\n<\/tbody>\n<\/table>\n","protected":false},"excerpt":{"rendered":"<p><strong>Peso circa 0,5 kg<\/strong> &#8211; Speck artigianale, stagionato per 6 mesi, prodotto con carne di qualit\u00e0 secondo un&#8217;antica tradizione. Gusto molto raffinato. I pezzi pi\u00f9 piccoli sono dotati di 3 superfici di taglio, quelli pi\u00f9 grandi di 2.<\/p>\n","protected":false},"featured_media":7818,"template":"","meta":[],"product_brand":[],"product_cat":[42],"product_tag":[],"class_list":{"0":"post-4263","1":"product","2":"type-product","3":"status-publish","4":"has-post-thumbnail","6":"product_cat-speck","8":"first","9":"instock","10":"shipping-taxable","11":"purchasable","12":"product-type-simple"},"_links":{"self":[{"href":"https:\/\/www.speckladele.com\/it\/wp-json\/wp\/v2\/product\/4263","targetHints":{"allow":["GET"]}}],"collection":[{"href":"https:\/\/www.speckladele.com\/it\/wp-json\/wp\/v2\/product"}],"about":[{"href":"https:\/\/www.speckladele.com\/it\/wp-json\/wp\/v2\/types\/product"}],"wp:featuredmedia":[{"embeddable":true,"href":"https:\/\/www.speckladele.com\/it\/wp-json\/wp\/v2\/media\/7818"}],"wp:attachment":[{"href":"https:\/\/www.speckladele.com\/it\/wp-json\/wp\/v2\/media?parent=4263"}],"wp:term":[{"taxonomy":"product_brand","embeddable":true,"href":"https:\/\/www.speckladele.com\/it\/wp-json\/wp\/v2\/product_brand?post=4263"},{"taxonomy":"product_cat","embeddable":true,"href":"https:\/\/www.speckladele.com\/it\/wp-json\/wp\/v2\/product_cat?post=4263"},{"taxonomy":"product_tag","embeddable":true,"href":"https:\/\/www.speckladele.com\/it\/wp-json\/wp\/v2\/product_tag?post=4263"}],"curies":[{"name":"wp","href":"https:\/\/api.w.org\/{rel}","templated":true}]}}