{"id":4249,"date":"2020-04-30T16:39:53","date_gmt":"2020-04-30T14:39:53","guid":{"rendered":"https:\/\/www.speckladele.com\/produkt\/salamini-affumicati\/"},"modified":"2023-04-01T01:00:10","modified_gmt":"2023-03-31T23:00:10","slug":"salamini-affumicati","status":"publish","type":"product","link":"https:\/\/www.speckladele.com\/it\/produkt\/salamini-affumicati\/","title":{"rendered":"Salamini affumicati"},"content":{"rendered":"<p><strong>Ingredienti<\/strong>: Carne di maiale (83%), carne di manzo (44%), sale, zucchero, saccarosio, destrosio, estratti di spezie, esaltatore di sapidit\u00e0: E621, conservante: E250, antiossidante: E300 E301, vino bianco.<\/p>\n<table width=\"100%\">\n<tbody>\n<tr>\n<td><strong>Valori nutrizionali medi<\/strong><\/td>\n<td><strong>per 100 g<\/strong><\/td>\n<\/tr>\n<tr>\n<td>Energia<\/td>\n<td>1.871 kj \/ 452 kcal<\/td>\n<\/tr>\n<tr>\n<td>Grassi<\/td>\n<td>40 g<\/td>\n<\/tr>\n<tr>\n<td>di cui acidi grassi saturi<\/td>\n<td>16 g<\/td>\n<\/tr>\n<tr>\n<td>Carboidrati<\/td>\n<td>1 g<\/td>\n<\/tr>\n<tr>\n<td>di cui zuccheri<\/td>\n<td>1 g<\/td>\n<\/tr>\n<tr>\n<td>Proteine<\/td>\n<td>22 g<\/td>\n<\/tr>\n<tr>\n<td>Sale<\/td>\n<td>3,5 g<\/td>\n<\/tr>\n<\/tbody>\n<\/table>\n","protected":false},"excerpt":{"rendered":"<p><strong>Peso circa 60 g<\/strong> &#8211; Quantit\u00e0 minima ordinabile 2 pezzi, uno in omaggio con 10 pezzi. Il salamino affumicato originale \u00e8 composto da carne di manzo e di maiale, \u00e8 affumicato e ha un gusto mediamente piccante.<\/p>\n","protected":false},"featured_media":7841,"template":"","meta":[],"product_brand":[],"product_cat":[40],"product_tag":[],"class_list":{"0":"post-4249","1":"product","2":"type-product","3":"status-publish","4":"has-post-thumbnail","6":"product_cat-salami","8":"first","9":"instock","10":"shipping-taxable","11":"purchasable","12":"product-type-simple"},"_links":{"self":[{"href":"https:\/\/www.speckladele.com\/it\/wp-json\/wp\/v2\/product\/4249","targetHints":{"allow":["GET"]}}],"collection":[{"href":"https:\/\/www.speckladele.com\/it\/wp-json\/wp\/v2\/product"}],"about":[{"href":"https:\/\/www.speckladele.com\/it\/wp-json\/wp\/v2\/types\/product"}],"wp:featuredmedia":[{"embeddable":true,"href":"https:\/\/www.speckladele.com\/it\/wp-json\/wp\/v2\/media\/7841"}],"wp:attachment":[{"href":"https:\/\/www.speckladele.com\/it\/wp-json\/wp\/v2\/media?parent=4249"}],"wp:term":[{"taxonomy":"product_brand","embeddable":true,"href":"https:\/\/www.speckladele.com\/it\/wp-json\/wp\/v2\/product_brand?post=4249"},{"taxonomy":"product_cat","embeddable":true,"href":"https:\/\/www.speckladele.com\/it\/wp-json\/wp\/v2\/product_cat?post=4249"},{"taxonomy":"product_tag","embeddable":true,"href":"https:\/\/www.speckladele.com\/it\/wp-json\/wp\/v2\/product_tag?post=4249"}],"curies":[{"name":"wp","href":"https:\/\/api.w.org\/{rel}","templated":true}]}}